{"id":1344,"date":"2022-02-12T19:50:57","date_gmt":"2022-02-12T19:50:57","guid":{"rendered":"https:\/\/irg.es\/el-estudio\/"},"modified":"2022-03-21T07:53:39","modified_gmt":"2022-03-21T07:53:39","slug":"el-estudio","status":"publish","type":"page","link":"https:\/\/www.irg.es\/en\/el-estudio\/","title":{"rendered":"The Study"},"content":{"rendered":"[vc_row type=&#8221;in_container&#8221; full_screen_row_position=&#8221;middle&#8221; column_margin=&#8221;default&#8221; column_direction=&#8221;default&#8221; column_direction_tablet=&#8221;default&#8221; column_direction_phone=&#8221;default&#8221; scene_position=&#8221;center&#8221; text_color=&#8221;dark&#8221; text_align=&#8221;left&#8221; row_border_radius=&#8221;none&#8221; row_border_radius_applies=&#8221;bg&#8221; overflow=&#8221;visible&#8221; overlay_strength=&#8221;0.3&#8243; gradient_direction=&#8221;left_to_right&#8221; shape_divider_position=&#8221;bottom&#8221; bg_image_animation=&#8221;none&#8221;][vc_column column_padding=&#8221;no-extra-padding&#8221; column_padding_tablet=&#8221;inherit&#8221; column_padding_phone=&#8221;inherit&#8221; column_padding_position=&#8221;all&#8221; column_element_spacing=&#8221;default&#8221; background_color_opacity=&#8221;1&#8243; background_hover_color_opacity=&#8221;1&#8243; column_shadow=&#8221;none&#8221; column_border_radius=&#8221;none&#8221; column_link_target=&#8221;_self&#8221; column_position=&#8221;default&#8221; gradient_direction=&#8221;left_to_right&#8221; overlay_strength=&#8221;0.3&#8243; width=&#8221;1\/1&#8243; tablet_width_inherit=&#8221;default&#8221; tablet_text_alignment=&#8221;default&#8221; phone_text_alignment=&#8221;default&#8221; animation_type=&#8221;default&#8221; bg_image_animation=&#8221;none&#8221; border_type=&#8221;simple&#8221; column_border_width=&#8221;none&#8221; column_border_style=&#8221;solid&#8221;][divider line_type=&#8221;No Line&#8221; custom_height=&#8221;25&#8243; custom_height_tablet=&#8221;25&#8243; custom_height_phone=&#8221;25&#8243;][vc_column_text]\n<h1 style=\"text-align: justify;\">The Study<\/h1>\n<p>Each project is a beginning based on all previous experience. Taking as a premise the requirements and characteristics of each client, we propose a solution that responds to all their needs and provides added value.<\/p>\n<p>Each proposal is unique and is adapted to the needs of our clients, the location, climate, budget, etc., developing with maximum involvement from the first ideas to the completion of the work. The process can range from the foundation to the smallest interior details, including the design of unique elements such as furniture, lamps, etc.<\/p>\n<p>In addition to architectural and design quality, our work focuses on achieving maximum energy efficiency, through the development of passive house architecture criteria and the use of renewable energies and high-performance installations. This achieves an optimal level of comfort with minimum energy consumption. Our goal is the construction of Nearly Zero Energy Buildings (nZEB).<\/p>\n<p>We are acquainted with sustainable materials and both traditional and industrialized construction techniques.<\/p>\n<p>We have experience in the design and construction of buildings with <b>energy certification A<\/b> <b>both in new construction and in rehabilitation and we have also designed and built passive houses (Passive House)<\/b>.<\/p>\n<p>Ignacio Romera, architect by the ETSAB, is Passive House Designer, by the Passivhaus Institut of Darmstadt.<\/p>\n<p>We have experience in design and construction with industrialized systems with wooden structures, which optimize work deadlines and quality, in addition to the environmental sustainability they provide.<\/p>\n<p>Joan Soria, technical architect, is a specialist in calculating wooden, metal and reinforced concrete structures.<\/p>\n<p>The combination of a good architectural design and high energy efficiency should not be something contradictory, but we propose a symbiosis of both concepts, which provides a substantial improvement in the quality of life and the environment. We put Architecture at the service of people, adding value and optimizing budgets and available means.<\/p>\n<h1><b>Services<\/b><\/h1>\n<p>Our team has extensive experience in project development and construction management. In addition, we have collaborating professionals (architects, engineers, landscapers, decorators, lawyers, surveyors&#8230;) to offer comprehensive solutions to our clients according to the specific requirements of each project.<\/p>\n<p>We are specialists in energy efficiency and Passive House Design<\/p>\n<p>Sustainable construction and with industrialized systems with wood.<\/p>\n<p>In addition to drafting architecture and engineering projects and construction management, our studio facilitates all the necessary procedures related to real estate and urban and rustic properties, such as:<\/p>\n<p>Technical Inspection of Buildings (ITE)<\/p>\n<p>Technical certificates and expert reports<\/p>\n<p>Preliminary qualification reports for buildings under the special regime on rustic land in Menorca (ERE)<\/p>\n<p><a href=\"https:\/\/www.menorcastudio.com\/services\/\">Energy-consumption certificate<\/a><\/p>\n<p><a href=\"https:\/\/www.menorcastudio.com\/services\/\">Urban, or town-planning, certification<\/a><\/p>\n<p><a href=\"https:\/\/www.menorcastudio.com\/services\/\">Report on livability<\/a>[\/vc_column_text][divider line_type=&#8221;No Line&#8221;][vc_row_inner column_margin=&#8221;default&#8221; column_direction=&#8221;default&#8221; column_direction_tablet=&#8221;default&#8221; column_direction_phone=&#8221;default&#8221; text_align=&#8221;left&#8221; row_position=&#8221;default&#8221; row_position_tablet=&#8221;inherit&#8221; row_position_phone=&#8221;inherit&#8221; overflow=&#8221;visible&#8221; pointer_events=&#8221;all&#8221;][vc_column_inner column_padding=&#8221;no-extra-padding&#8221; column_padding_tablet=&#8221;inherit&#8221; column_padding_phone=&#8221;inherit&#8221; column_padding_position=&#8221;all&#8221; column_element_spacing=&#8221;default&#8221; background_color_opacity=&#8221;1&#8243; background_hover_color_opacity=&#8221;1&#8243; column_shadow=&#8221;none&#8221; column_border_radius=&#8221;none&#8221; column_link_target=&#8221;_self&#8221; gradient_direction=&#8221;left_to_right&#8221; overlay_strength=&#8221;0.3&#8243; width=&#8221;1\/2&#8243; tablet_width_inherit=&#8221;default&#8221; animation_type=&#8221;default&#8221; bg_image_animation=&#8221;none&#8221; border_type=&#8221;simple&#8221; column_border_width=&#8221;none&#8221; column_border_style=&#8221;solid&#8221;][vc_column_text]\n<ul>\n<li>Inspecci\u00f3n T\u00e9cnica de Edificios (ITE)<\/li>\n<li>Certificados t\u00e9cnicos y peritaciones<\/li>\n<li>Informes de viabilidad<\/li>\n<li>Informes previos de calificaci\u00f3n de edificios en r\u00e9gimen especial en suelo r\u00fastico en Menorca (ERE)<\/li>\n<li>C\u00e9dulas y certificados de habitabilidad<\/li>\n<li>Certificados energ\u00e9ticos<\/li>\n<li>Certificados urban\u00edstico<\/li>\n<\/ul>\n[\/vc_column_text][\/vc_column_inner][vc_column_inner column_padding=&#8221;no-extra-padding&#8221; column_padding_tablet=&#8221;inherit&#8221; column_padding_phone=&#8221;inherit&#8221; column_padding_position=&#8221;all&#8221; column_element_spacing=&#8221;default&#8221; background_color_opacity=&#8221;1&#8243; background_hover_color_opacity=&#8221;1&#8243; column_shadow=&#8221;none&#8221; column_border_radius=&#8221;none&#8221; column_link_target=&#8221;_self&#8221; gradient_direction=&#8221;left_to_right&#8221; overlay_strength=&#8221;0.3&#8243; width=&#8221;1\/2&#8243; tablet_width_inherit=&#8221;default&#8221; animation_type=&#8221;default&#8221; bg_image_animation=&#8221;none&#8221; border_type=&#8221;simple&#8221; column_border_width=&#8221;none&#8221; column_border_style=&#8221;solid&#8221;][vc_column_text]<img decoding=\"async\" class=\"alignnone wp-image-1307\" src=\"https:\/\/www.irg.es\/wp-content\/uploads\/2022\/03\/logo1.jpg\" alt=\"\" width=\"55\" height=\"55\" \/><img decoding=\"async\" class=\"alignnone wp-image-1310\" src=\"https:\/\/www.irg.es\/wp-content\/uploads\/2022\/03\/logo2.jpg\" alt=\"\" width=\"123\" height=\"55\" \/><\/p>\n<p>ignacio\u00a0 romera\u00a0 gonzalo[\/vc_column_text][\/vc_column_inner][\/vc_row_inner][\/vc_column][\/vc_row]\n","protected":false},"excerpt":{"rendered":"<p>[vc_row type=&#8221;in_container&#8221; full_screen_row_position=&#8221;middle&#8221; column_margin=&#8221;default&#8221; column_direction=&#8221;default&#8221; column_direction_tablet=&#8221;default&#8221; column_direction_phone=&#8221;default&#8221; scene_position=&#8221;center&#8221; text_color=&#8221;dark&#8221; text_align=&#8221;left&#8221; row_border_radius=&#8221;none&#8221; row_border_radius_applies=&#8221;bg&#8221; overflow=&#8221;visible&#8221; overlay_strength=&#8221;0.3&#8243; gradient_direction=&#8221;left_to_right&#8221; shape_divider_position=&#8221;bottom&#8221; bg_image_animation=&#8221;none&#8221;][vc_column column_padding=&#8221;no-extra-padding&#8221; column_padding_tablet=&#8221;inherit&#8221; column_padding_phone=&#8221;inherit&#8221; column_padding_position=&#8221;all&#8221; column_element_spacing=&#8221;default&#8221; background_color_opacity=&#8221;1&#8243; background_hover_color_opacity=&#8221;1&#8243; column_shadow=&#8221;none&#8221; column_border_radius=&#8221;none&#8221; column_link_target=&#8221;_self&#8221; column_position=&#8221;default&#8221; gradient_direction=&#8221;left_to_right&#8221; overlay_strength=&#8221;0.3&#8243;&#8230;<\/p>\n","protected":false},"author":4,"featured_media":0,"parent":0,"menu_order":0,"comment_status":"closed","ping_status":"closed","template":"","meta":{"footnotes":""},"class_list":["post-1344","page","type-page","status-publish"],"yoast_head":"<!-- This site is optimized with the Yoast SEO plugin v23.4 - https:\/\/yoast.com\/wordpress\/plugins\/seo\/ -->\n<title>The Study - irg ARQUITECTURA<\/title>\n<meta name=\"robots\" content=\"index, follow, max-snippet:-1, max-image-preview:large, max-video-preview:-1\" \/>\n<link rel=\"canonical\" href=\"https:\/\/www.irg.es\/en\/el-estudio\/\" \/>\n<meta property=\"og:locale\" content=\"en_US\" \/>\n<meta property=\"og:type\" content=\"article\" \/>\n<meta property=\"og:title\" content=\"The Study - irg ARQUITECTURA\" \/>\n<meta property=\"og:description\" content=\"[vc_row type=&#8221;in_container&#8221; full_screen_row_position=&#8221;middle&#8221; column_margin=&#8221;default&#8221; column_direction=&#8221;default&#8221; column_direction_tablet=&#8221;default&#8221; column_direction_phone=&#8221;default&#8221; scene_position=&#8221;center&#8221; text_color=&#8221;dark&#8221; text_align=&#8221;left&#8221; row_border_radius=&#8221;none&#8221; row_border_radius_applies=&#8221;bg&#8221; overflow=&#8221;visible&#8221; overlay_strength=&#8221;0.3&#8243; gradient_direction=&#8221;left_to_right&#8221; shape_divider_position=&#8221;bottom&#8221; bg_image_animation=&#8221;none&#8221;][vc_column column_padding=&#8221;no-extra-padding&#8221; column_padding_tablet=&#8221;inherit&#8221; column_padding_phone=&#8221;inherit&#8221; column_padding_position=&#8221;all&#8221; column_element_spacing=&#8221;default&#8221; background_color_opacity=&#8221;1&#8243; background_hover_color_opacity=&#8221;1&#8243; column_shadow=&#8221;none&#8221; column_border_radius=&#8221;none&#8221; column_link_target=&#8221;_self&#8221; column_position=&#8221;default&#8221; gradient_direction=&#8221;left_to_right&#8221; overlay_strength=&#8221;0.3&#8243;...\" \/>\n<meta property=\"og:url\" content=\"https:\/\/www.irg.es\/en\/el-estudio\/\" \/>\n<meta property=\"og:site_name\" content=\"irg ARQUITECTURA\" \/>\n<meta property=\"article:modified_time\" content=\"2022-03-21T07:53:39+00:00\" \/>\n<meta property=\"og:image\" content=\"https:\/\/www.irg.es\/wp-content\/uploads\/2022\/03\/logo1.jpg\" \/>\n<meta name=\"twitter:card\" content=\"summary_large_image\" \/>\n<meta name=\"twitter:label1\" content=\"Est. reading time\" \/>\n\t<meta name=\"twitter:data1\" content=\"4 minutes\" \/>\n<script type=\"application\/ld+json\" class=\"yoast-schema-graph\">{\"@context\":\"https:\/\/schema.org\",\"@graph\":[{\"@type\":\"WebPage\",\"@id\":\"https:\/\/www.irg.es\/en\/el-estudio\/\",\"url\":\"https:\/\/www.irg.es\/en\/el-estudio\/\",\"name\":\"The Study - irg ARQUITECTURA\",\"isPartOf\":{\"@id\":\"https:\/\/www.irg.es\/#website\"},\"primaryImageOfPage\":{\"@id\":\"https:\/\/www.irg.es\/en\/el-estudio\/#primaryimage\"},\"image\":{\"@id\":\"https:\/\/www.irg.es\/en\/el-estudio\/#primaryimage\"},\"thumbnailUrl\":\"https:\/\/www.irg.es\/wp-content\/uploads\/2022\/03\/logo1.jpg\",\"datePublished\":\"2022-02-12T19:50:57+00:00\",\"dateModified\":\"2022-03-21T07:53:39+00:00\",\"breadcrumb\":{\"@id\":\"https:\/\/www.irg.es\/en\/el-estudio\/#breadcrumb\"},\"inLanguage\":\"en-US\",\"potentialAction\":[{\"@type\":\"ReadAction\",\"target\":[\"https:\/\/www.irg.es\/en\/el-estudio\/\"]}]},{\"@type\":\"ImageObject\",\"inLanguage\":\"en-US\",\"@id\":\"https:\/\/www.irg.es\/en\/el-estudio\/#primaryimage\",\"url\":\"https:\/\/www.irg.es\/wp-content\/uploads\/2022\/03\/logo1.jpg\",\"contentUrl\":\"https:\/\/www.irg.es\/wp-content\/uploads\/2022\/03\/logo1.jpg\"},{\"@type\":\"BreadcrumbList\",\"@id\":\"https:\/\/www.irg.es\/en\/el-estudio\/#breadcrumb\",\"itemListElement\":[{\"@type\":\"ListItem\",\"position\":1,\"name\":\"Portada\",\"item\":\"https:\/\/www.irg.es\/en\/\"},{\"@type\":\"ListItem\",\"position\":2,\"name\":\"The Study\"}]},{\"@type\":\"WebSite\",\"@id\":\"https:\/\/www.irg.es\/#website\",\"url\":\"https:\/\/www.irg.es\/\",\"name\":\"irg ARQUITECTURA\",\"description\":\"Otro sitio m\u00e1s de Test WordPress\",\"publisher\":{\"@id\":\"https:\/\/www.irg.es\/#organization\"},\"potentialAction\":[{\"@type\":\"SearchAction\",\"target\":{\"@type\":\"EntryPoint\",\"urlTemplate\":\"https:\/\/www.irg.es\/?s={search_term_string}\"},\"query-input\":{\"@type\":\"PropertyValueSpecification\",\"valueRequired\":true,\"valueName\":\"search_term_string\"}}],\"inLanguage\":\"en-US\"},{\"@type\":\"Organization\",\"@id\":\"https:\/\/www.irg.es\/#organization\",\"name\":\"irg ARQUITECTURA\",\"url\":\"https:\/\/www.irg.es\/\",\"logo\":{\"@type\":\"ImageObject\",\"inLanguage\":\"en-US\",\"@id\":\"https:\/\/www.irg.es\/#\/schema\/logo\/image\/\",\"url\":\"https:\/\/www.irg.es\/wp-content\/uploads\/2022\/02\/cropped-irg-arquitecturax2.png\",\"contentUrl\":\"https:\/\/www.irg.es\/wp-content\/uploads\/2022\/02\/cropped-irg-arquitecturax2.png\",\"width\":512,\"height\":512,\"caption\":\"irg ARQUITECTURA\"},\"image\":{\"@id\":\"https:\/\/www.irg.es\/#\/schema\/logo\/image\/\"},\"sameAs\":[\"https:\/\/www.instagram.com\/ignacio_romera_arquitecto\/\"]}]}<\/script>\n<!-- \/ Yoast SEO plugin. -->","yoast_head_json":{"title":"The Study - irg ARQUITECTURA","robots":{"index":"index","follow":"follow","max-snippet":"max-snippet:-1","max-image-preview":"max-image-preview:large","max-video-preview":"max-video-preview:-1"},"canonical":"https:\/\/www.irg.es\/en\/el-estudio\/","og_locale":"en_US","og_type":"article","og_title":"The Study - irg ARQUITECTURA","og_description":"[vc_row type=&#8221;in_container&#8221; full_screen_row_position=&#8221;middle&#8221; column_margin=&#8221;default&#8221; column_direction=&#8221;default&#8221; column_direction_tablet=&#8221;default&#8221; column_direction_phone=&#8221;default&#8221; scene_position=&#8221;center&#8221; text_color=&#8221;dark&#8221; text_align=&#8221;left&#8221; row_border_radius=&#8221;none&#8221; row_border_radius_applies=&#8221;bg&#8221; overflow=&#8221;visible&#8221; overlay_strength=&#8221;0.3&#8243; gradient_direction=&#8221;left_to_right&#8221; shape_divider_position=&#8221;bottom&#8221; bg_image_animation=&#8221;none&#8221;][vc_column column_padding=&#8221;no-extra-padding&#8221; column_padding_tablet=&#8221;inherit&#8221; column_padding_phone=&#8221;inherit&#8221; column_padding_position=&#8221;all&#8221; column_element_spacing=&#8221;default&#8221; background_color_opacity=&#8221;1&#8243; background_hover_color_opacity=&#8221;1&#8243; column_shadow=&#8221;none&#8221; column_border_radius=&#8221;none&#8221; column_link_target=&#8221;_self&#8221; column_position=&#8221;default&#8221; gradient_direction=&#8221;left_to_right&#8221; overlay_strength=&#8221;0.3&#8243;...","og_url":"https:\/\/www.irg.es\/en\/el-estudio\/","og_site_name":"irg ARQUITECTURA","article_modified_time":"2022-03-21T07:53:39+00:00","og_image":[{"url":"https:\/\/www.irg.es\/wp-content\/uploads\/2022\/03\/logo1.jpg"}],"twitter_card":"summary_large_image","twitter_misc":{"Est. reading time":"4 minutes"},"schema":{"@context":"https:\/\/schema.org","@graph":[{"@type":"WebPage","@id":"https:\/\/www.irg.es\/en\/el-estudio\/","url":"https:\/\/www.irg.es\/en\/el-estudio\/","name":"The Study - irg ARQUITECTURA","isPartOf":{"@id":"https:\/\/www.irg.es\/#website"},"primaryImageOfPage":{"@id":"https:\/\/www.irg.es\/en\/el-estudio\/#primaryimage"},"image":{"@id":"https:\/\/www.irg.es\/en\/el-estudio\/#primaryimage"},"thumbnailUrl":"https:\/\/www.irg.es\/wp-content\/uploads\/2022\/03\/logo1.jpg","datePublished":"2022-02-12T19:50:57+00:00","dateModified":"2022-03-21T07:53:39+00:00","breadcrumb":{"@id":"https:\/\/www.irg.es\/en\/el-estudio\/#breadcrumb"},"inLanguage":"en-US","potentialAction":[{"@type":"ReadAction","target":["https:\/\/www.irg.es\/en\/el-estudio\/"]}]},{"@type":"ImageObject","inLanguage":"en-US","@id":"https:\/\/www.irg.es\/en\/el-estudio\/#primaryimage","url":"https:\/\/www.irg.es\/wp-content\/uploads\/2022\/03\/logo1.jpg","contentUrl":"https:\/\/www.irg.es\/wp-content\/uploads\/2022\/03\/logo1.jpg"},{"@type":"BreadcrumbList","@id":"https:\/\/www.irg.es\/en\/el-estudio\/#breadcrumb","itemListElement":[{"@type":"ListItem","position":1,"name":"Portada","item":"https:\/\/www.irg.es\/en\/"},{"@type":"ListItem","position":2,"name":"The Study"}]},{"@type":"WebSite","@id":"https:\/\/www.irg.es\/#website","url":"https:\/\/www.irg.es\/","name":"irg ARQUITECTURA","description":"Otro sitio m\u00e1s de Test WordPress","publisher":{"@id":"https:\/\/www.irg.es\/#organization"},"potentialAction":[{"@type":"SearchAction","target":{"@type":"EntryPoint","urlTemplate":"https:\/\/www.irg.es\/?s={search_term_string}"},"query-input":{"@type":"PropertyValueSpecification","valueRequired":true,"valueName":"search_term_string"}}],"inLanguage":"en-US"},{"@type":"Organization","@id":"https:\/\/www.irg.es\/#organization","name":"irg ARQUITECTURA","url":"https:\/\/www.irg.es\/","logo":{"@type":"ImageObject","inLanguage":"en-US","@id":"https:\/\/www.irg.es\/#\/schema\/logo\/image\/","url":"https:\/\/www.irg.es\/wp-content\/uploads\/2022\/02\/cropped-irg-arquitecturax2.png","contentUrl":"https:\/\/www.irg.es\/wp-content\/uploads\/2022\/02\/cropped-irg-arquitecturax2.png","width":512,"height":512,"caption":"irg ARQUITECTURA"},"image":{"@id":"https:\/\/www.irg.es\/#\/schema\/logo\/image\/"},"sameAs":["https:\/\/www.instagram.com\/ignacio_romera_arquitecto\/"]}]}},"jetpack_sharing_enabled":true,"_links":{"self":[{"href":"https:\/\/www.irg.es\/en\/wp-json\/wp\/v2\/pages\/1344","targetHints":{"allow":["GET"]}}],"collection":[{"href":"https:\/\/www.irg.es\/en\/wp-json\/wp\/v2\/pages"}],"about":[{"href":"https:\/\/www.irg.es\/en\/wp-json\/wp\/v2\/types\/page"}],"author":[{"embeddable":true,"href":"https:\/\/www.irg.es\/en\/wp-json\/wp\/v2\/users\/4"}],"replies":[{"embeddable":true,"href":"https:\/\/www.irg.es\/en\/wp-json\/wp\/v2\/comments?post=1344"}],"version-history":[{"count":2,"href":"https:\/\/www.irg.es\/en\/wp-json\/wp\/v2\/pages\/1344\/revisions"}],"predecessor-version":[{"id":1474,"href":"https:\/\/www.irg.es\/en\/wp-json\/wp\/v2\/pages\/1344\/revisions\/1474"}],"wp:attachment":[{"href":"https:\/\/www.irg.es\/en\/wp-json\/wp\/v2\/media?parent=1344"}],"curies":[{"name":"wp","href":"https:\/\/api.w.org\/{rel}","templated":true}]}}